{"id":5651017,"date":"2017-08-09T12:20:11","date_gmt":"2017-08-09T12:20:11","guid":{"rendered":"http:\/\/demo07\/?page_id=6"},"modified":"2024-01-01T18:22:14","modified_gmt":"2024-01-01T15:22:14","slug":"home","status":"publish","type":"page","link":"https:\/\/mefox.net\/","title":{"rendered":"Home"},"content":{"rendered":"<div class=\"wpb-content-wrapper\">[vc_row full_width=&#8221;stretch_row_content_no_spaces&#8221; css=&#8221;.vc_custom_1502784353908{border-bottom-width: 1px !important;border-bottom-color: #ebebeb !important;border-bottom-style: solid !important;}&#8221;][vc_column][vc_empty_space height=&#8221;70px&#8221; el_class=&#8221;vc_hidden-lg vc_hidden-md&#8221;]<div class=\"norebro-recent-projects-sc norebro-splitscreen  portfolio-grid-5 with-sorting\" \n\tdata-norebro-splitscreen=\"norebro-custom-69e73794cdfb1\" \n\tdata-options='{\"mousewheel\":false,\"nav\":true,\"navContainerClass\":\"slider-nav\",\"dots\":true,\"dotsClass\":\"slider-vertical-numbers\",\"navClass\":[\"up\",\"down\"]}' \n\tid=\"norebro-custom-69e73794cdfb1\"\n\t \n\t>\n\t\n\t<div class=\"ms-left\">\n\t\t\t\t<div class=\"ms-section portfolio-item-wrap\">\n\n<div class=\"portfolio-item grid-5 overlay\">\n\t<div class=\"description overlay\">\n\t\t<div class=\"content-center\">\n\t\t\t<div class=\"wrap text-left\">\n\t\t\t\n\t\t\t\t\t\t\t\t\t\t\t\t\t\t\t\t\t\t\t\t\t\t\t\t<span class=\"category\">CROSS PLATFORM<\/span>\n\t\t\t\t\t\t\t\t\t\t\t\t\t\n\t\t\t\t<h4 class=\"title\">K\u00fct\u00fcphanem<\/h4>\n\t\t\t\t\t\t\t\t\t<div class=\"text-description\">\n\t\t\t\t\t\tK\u00fct\u00fcphanem software is presented as an application developed for modern library management! With its advanced features and user-friendly interface, K\u00fct\u00fcphanem aims to maximize the efficiency of&hellip;\t\t\t\t\t<\/div>\n\t\t\t\t\t\t\t\t\t\t\t\t<a href=\"https:\/\/mefox.net\/?norebro_portfolio=kutuphanem\" class=\"more hover-underline\">\n\t\t\t\t\t\t\t\t\t\tView Project\t\t\t\t\t\t\t\t\t\t<span class=\"ion-ios-plus-empty\"><\/span>\n\t\t\t\t<\/a>\n\t\t\t\t\t\t\t<\/div>\n\t\t<\/div>\n\t<\/div>\n<\/div><\/div>\t\t\t\t<div class=\"ms-section portfolio-item-wrap\">\n\n<div class=\"portfolio-item grid-5 overlay\">\n\t<div class=\"description overlay\">\n\t\t<div class=\"content-center\">\n\t\t\t<div class=\"wrap text-left\">\n\t\t\t\n\t\t\t\t\t\t\t\t\t\t\t\t\t\t\t\t\t\t\t\t\t\t\t\t<span class=\"category\">MOBILE APP<\/span>\n\t\t\t\t\t\t\t\t\t\t\t\t\t\n\t\t\t\t<h4 class=\"title\">Ridelog<\/h4>\n\t\t\t\t\t\t\t\t\t<div class=\"text-description\">\n\t\t\t\t\t\tIt provides users with the opportunity to record fuel consumption and carbon emissions with each refueling. By adopting environmentally friendly driving habits, it helps reduce your carbon footprint.&hellip;\t\t\t\t\t<\/div>\n\t\t\t\t\t\t\t\t\t\t\t\t<a href=\"https:\/\/mefox.net\/?norebro_portfolio=ridelog\" class=\"more hover-underline\">\n\t\t\t\t\t\t\t\t\t\tView Project\t\t\t\t\t\t\t\t\t\t<span class=\"ion-ios-plus-empty\"><\/span>\n\t\t\t\t<\/a>\n\t\t\t\t\t\t\t<\/div>\n\t\t<\/div>\n\t<\/div>\n<\/div><\/div>\t\t\t\t<div class=\"ms-section portfolio-item-wrap\">\n\n<div class=\"portfolio-item grid-5 overlay\">\n\t<div class=\"description overlay\">\n\t\t<div class=\"content-center\">\n\t\t\t<div class=\"wrap text-left\">\n\t\t\t\n\t\t\t\t\t\t\t\t\t\t\t\t\t\t\t\t\t\t\t\t\t\t\t\t<span class=\"category\">CROSS PLATFORM<\/span>\n\t\t\t\t\t\t\t\t\t\t\t\t\t\n\t\t\t\t<h4 class=\"title\">Redisyon<\/h4>\n\t\t\t\t\t\t\t\t\t<div class=\"text-description\">\n\t\t\t\t\t\tWaiters can easily add orders, transmit them to the kitchen, and generate checks using tablets and mobile devices. This speeds up the order process and minimizes communication errors. The meals transmitted&hellip;\t\t\t\t\t<\/div>\n\t\t\t\t\t\t\t\t\t\t\t\t<a href=\"https:\/\/mefox.net\/?norebro_portfolio=redisyon\" class=\"more hover-underline\">\n\t\t\t\t\t\t\t\t\t\tView Project\t\t\t\t\t\t\t\t\t\t<span class=\"ion-ios-plus-empty\"><\/span>\n\t\t\t\t<\/a>\n\t\t\t\t\t\t\t<\/div>\n\t\t<\/div>\n\t<\/div>\n<\/div><\/div>\t\t\t\t<div class=\"ms-section portfolio-item-wrap\">\n\n<div class=\"portfolio-item grid-5 overlay\">\n\t<div class=\"description overlay\">\n\t\t<div class=\"content-center\">\n\t\t\t<div class=\"wrap text-left\">\n\t\t\t\n\t\t\t\t\t\t\t\t\t\t\t\t\t\t\t\t\t\t\t\t\t\t\t\t<span class=\"category\">WEB APP<\/span>\n\t\t\t\t\t\t\t\t\t\t\t\t\t\n\t\t\t\t<h4 class=\"title\">D\u00fc\u011f\u00fcn\u00fcmvar<\/h4>\n\t\t\t\t\t\t\t\t\t<div class=\"text-description\">\n\t\t\t\t\t\td\u00fc\u011f\u00fcn\u00fcmvar.net helps you find the most suitable wedding venue. It enables you to explore a wide range of options, allowing you to discover venues that match your style. Not only can you review the&hellip;\t\t\t\t\t<\/div>\n\t\t\t\t\t\t\t\t\t\t\t\t<a href=\"https:\/\/mefox.net\/?norebro_portfolio=dugunumvar\" class=\"more hover-underline\">\n\t\t\t\t\t\t\t\t\t\tView Project\t\t\t\t\t\t\t\t\t\t<span class=\"ion-ios-plus-empty\"><\/span>\n\t\t\t\t<\/a>\n\t\t\t\t\t\t\t<\/div>\n\t\t<\/div>\n\t<\/div>\n<\/div><\/div>\t\t\t\t<div class=\"ms-section portfolio-item-wrap\">\n\n<div class=\"portfolio-item grid-5 overlay\">\n\t<div class=\"description overlay\">\n\t\t<div class=\"content-center\">\n\t\t\t<div class=\"wrap text-left\">\n\t\t\t\n\t\t\t\t\t\t\t\t\t\t\t\t\t\t\t\t\t\t\t\t\t\t\t\t<span class=\"category\">MOBILE APP<\/span>\n\t\t\t\t\t\t\t\t\t\t\t\t\t\n\t\t\t\t<h4 class=\"title\">Wordlock<\/h4>\n\t\t\t\t\t\t\t\t\t<div class=\"text-description\">\n\t\t\t\t\t\tUsers can make their learning more focused by navigating between categories and units at each language proficiency level. They can review their personal statistics through the application, including&hellip;\t\t\t\t\t<\/div>\n\t\t\t\t\t\t\t\t\t\t\t\t<a href=\"https:\/\/mefox.net\/?norebro_portfolio=wordlock\" class=\"more hover-underline\">\n\t\t\t\t\t\t\t\t\t\tView Project\t\t\t\t\t\t\t\t\t\t<span class=\"ion-ios-plus-empty\"><\/span>\n\t\t\t\t<\/a>\n\t\t\t\t\t\t\t<\/div>\n\t\t<\/div>\n\t<\/div>\n<\/div><\/div>\t\t\t<\/div>\n\t<div class=\"ms-right\">\n\t\t\t\t<div class=\"ms-section portfolio-item-wrap\">\n<div class=\"portfolio-item grid-5 overlay\">\n\t\t<div class=\"image-wrap overlay\" data-norebro-bg-image=\"https:\/\/mefox.net\/wp-content\/uploads\/2017\/08\/kk1.jpg\"><\/div>\n\t<\/div><\/div>\t\t\t\t<div class=\"ms-section portfolio-item-wrap\">\n<div class=\"portfolio-item grid-5 overlay\">\n\t\t<div class=\"image-wrap overlay\" data-norebro-bg-image=\"https:\/\/mefox.net\/wp-content\/uploads\/2017\/08\/l11.jpg\"><\/div>\n\t<\/div><\/div>\t\t\t\t<div class=\"ms-section portfolio-item-wrap\">\n<div class=\"portfolio-item grid-5 overlay\">\n\t\t<div class=\"image-wrap overlay\" data-norebro-bg-image=\"https:\/\/mefox.net\/wp-content\/uploads\/2017\/08\/r2-1.jpg\"><\/div>\n\t<\/div><\/div>\t\t\t\t<div class=\"ms-section portfolio-item-wrap\">\n<div class=\"portfolio-item grid-5 overlay\">\n\t\t<div class=\"image-wrap overlay\" data-norebro-bg-image=\"https:\/\/mefox.net\/wp-content\/uploads\/2017\/08\/dv1.jpg\"><\/div>\n\t<\/div><\/div>\t\t\t\t<div class=\"ms-section portfolio-item-wrap\">\n<div class=\"portfolio-item grid-5 overlay\">\n\t\t<div class=\"image-wrap overlay\" data-norebro-bg-image=\"https:\/\/mefox.net\/wp-content\/uploads\/2017\/08\/wl4.jpg\"><\/div>\n\t<\/div><\/div>\t\t\t<\/div>\n\t<div class=\"scroll\">\n\t\tScroll\t<\/div>\n<\/div>[\/vc_column][\/vc_row]\n<\/div>","protected":false},"excerpt":{"rendered":"<p>[vc_row full_width=&#8221;stretch_row_content_no_spaces&#8221; css=&#8221;.vc_custom_1502784353908{border-bottom-width: 1px !important;border-bottom-color: #ebebeb !important;border-bottom-style: solid !important;}&#8221;][vc_column][vc_empty_space height=&#8221;70px&#8221; el_class=&#8221;vc_hidden-lg vc_hidden-md&#8221;][\/vc_column][\/vc_row]<\/p>\n","protected":false},"author":1,"featured_media":0,"parent":0,"menu_order":0,"comment_status":"closed","ping_status":"closed","template":"","meta":{"footnotes":""},"class_list":["post-5651017","page","type-page","status-publish","hentry"],"_links":{"self":[{"href":"https:\/\/mefox.net\/index.php?rest_route=\/wp\/v2\/pages\/5651017","targetHints":{"allow":["GET"]}}],"collection":[{"href":"https:\/\/mefox.net\/index.php?rest_route=\/wp\/v2\/pages"}],"about":[{"href":"https:\/\/mefox.net\/index.php?rest_route=\/wp\/v2\/types\/page"}],"author":[{"embeddable":true,"href":"https:\/\/mefox.net\/index.php?rest_route=\/wp\/v2\/users\/1"}],"replies":[{"embeddable":true,"href":"https:\/\/mefox.net\/index.php?rest_route=%2Fwp%2Fv2%2Fcomments&post=5651017"}],"version-history":[{"count":3,"href":"https:\/\/mefox.net\/index.php?rest_route=\/wp\/v2\/pages\/5651017\/revisions"}],"predecessor-version":[{"id":5657206,"href":"https:\/\/mefox.net\/index.php?rest_route=\/wp\/v2\/pages\/5651017\/revisions\/5657206"}],"wp:attachment":[{"href":"https:\/\/mefox.net\/index.php?rest_route=%2Fwp%2Fv2%2Fmedia&parent=5651017"}],"curies":[{"name":"wp","href":"https:\/\/api.w.org\/{rel}","templated":true}]}}